{"id":668,"date":"2014-01-08T03:03:14","date_gmt":"2014-01-08T01:03:14","guid":{"rendered":"https:\/\/rheinbrands.com\/wordpress\/?page_id=668"},"modified":"2014-02-03T13:23:07","modified_gmt":"2014-02-03T11:23:07","slug":"impressum","status":"publish","type":"page","link":"https:\/\/rheinbrands.com\/wordpress\/impressum\/","title":{"rendered":"impressum"},"content":{"rendered":"<h3>FIRMA \/ ANSCHRIFT<\/h3>\n<address>RheinBrands GmbH<\/address>\n<address>Klingentalgraben 17<\/address>\n<address>CH-4057 Basel<\/address>\n<address>\u00a0<\/address>\n<h3>KONTAKT<\/h3>\n<address>Tel +41 (0) 61 681 88 13<\/address>\n<address>Fax +41 (0) 61 681 88 14<\/address>\n<address><span style=\"line-height: 1.5em;\">info@rheinbrands.com<\/span><\/address>\n<address>www.rheinbrands.com<\/address>\n<p>&nbsp;<\/p>\n<h3>VERTRETUNGSBERECHTIGTE PERSON<\/h3>\n<p>Gesch\u00e4ftsf\u00fchrer: Steven Stebler<\/p>\n<p>&nbsp;<\/p>\n<h3>HANDELSREGISTER<\/h3>\n<p>HR-AMT BS CH-270.4.003.147-0<\/p>\n<p>&nbsp;<\/p>\n<h3>MEHRWERTSTEUER-NUMMER<\/h3>\n<p>CHE-230.051.724 MWST<\/p>\n<p>&nbsp;<\/p>\n<h3>HAFTUNG<\/h3>\n<p>Die Informationen, die die RheinBrands GmbH (RheinBrands) als Betreiberin der Website www.rheinbrands.com auf dieser Website zur Verf\u00fcgung stellt, sind von RheinBrands\u00a0sorgf\u00e4ltig ausgew\u00e4hlt, recherchiert und zusammengestellt, sie werden soweit erforderlich laufend aktualisiert. RheinBrands\u00a0f\u00fchrt bez\u00fcglich der Inhalte Kontrollma\u00dfnahmen durch. Es ist RheinBrands\u00a0dennoch nicht m\u00f6glich, die Richtigkeit, Vollst\u00e4ndigkeit und Aktualit\u00e4t der Inhalte und der dort enthaltenen Informationen zu gew\u00e4hrleisten. Jedwede Haftung der RheinBrands\u00a0aus oder im Zusammenhang mit den Inhalten der Website www.rheinbrands.com ist ausgeschlossen, es sei denn diese beruht auf einem vors\u00e4tzlichen oder grob fahrl\u00e4ssigen Verhalten der RheinBrands, ihrer Organe, Mitarbeiter, Vertreter oder Erf\u00fcllungsgehilfen. RheinBrands\u00a0beh\u00e4lt sich vor, jederzeit \u00c4nderungen, Erg\u00e4nzungen der Inhalte der Website www.rheinbrands.com vorzunehmen. RheinBrands\u00a0haftet nicht f\u00fcr den Inhalt dritter Webseiten, die \u00fcber Links von der Website www.rheinbrands.com angesteuert werden k\u00f6nnen. Von Inhalten dritter Webseiten distanziert sich RheinBrands\u00a0ausdr\u00fccklich. F\u00fcr Inhalte verlinkter Seiten ist der jeweilige Diensteanbieter oder Betreiber verantwortlich. M\u00f6gliche Rechtsverst\u00f6\u00dfe wurden zum Zeitpunkt der Verlinkung gepr\u00fcft und waren nicht erkennbar.<\/p>\n<p>&nbsp;<\/p>\n<h3>URHEBERRECHTE<\/h3>\n<p>RheinBrands\u00a0weist darauf hin, dass die Inhalte der Website www.rheinbrands.com urheberrechtsschutzf\u00e4hige Werke darstellen bzw. darstellen k\u00f6nnen. Jede Vervielf\u00e4ltigung, \u00c4nderung, Verbreitung oder Speicherung von Texten, Textteilen, Bildern, Fotografien oder sonstigen Bildmaterial einschlie\u00dflich des sog. Framing, die \u00fcber dass blo\u00dfe Browsing oder Caching dieser Inhalte durch den jeweiligen Nutzer der Website www.rheinbrands.com zu eigenen Zwecken hinausgehen, bed\u00fcrfen der ausdr\u00fccklichen vorherigen Zustimmung der RheinBrands.<\/p>\n<p>&nbsp;<\/p>\n<h3>MARKENZEICHEN<\/h3>\n<p>RheinBrands\u00a0weist darauf hin, dass die Inhalte der Website www.rheinbrands.com markenrechtlich gesch\u00fctzte Unternehmens-, Produkt- und sonstige Kennzeichen enthalten. Jede Nutzung solcher Kennzeichen bed\u00fcrfen der ausdr\u00fccklichen vorherigen Zustimmung der RheinBrands\u00a0und \/ oder des jeweiligen Kennzeicheninhabers.<\/p>\n<p>&nbsp;<\/p>\n<h3>DATENSCHUTZ<\/h3>\n<p>Die Verarbeitung personenbezogener Daten erfolgt ausschlie\u00dflich unter Beachtung der gesetzlichen Vorgaben des Bundesdatenschutzgesetzes und des Telemediengesetzes.<\/p>\n","protected":false},"excerpt":{"rendered":"<p>FIRMA \/ ANSCHRIFT RheinBrands GmbH Klingentalgraben 17 CH-4057 Basel \u00a0 KONTAKT Tel +41 (0) 61 681 88 13 Fax +41 (0) 61 681 88 14 info@rheinbrands.com www.rheinbrands.com &nbsp; VERTRETUNGSBERECHTIGTE PERSON Gesch\u00e4ftsf\u00fchrer: Steven Stebler &nbsp; HANDELSREGISTER HR-AMT BS CH-270.4.003.147-0 &nbsp; MEHRWERTSTEUER-NUMMER&#8230;<\/p>\n","protected":false},"author":1,"featured_media":0,"parent":0,"menu_order":0,"comment_status":"open","ping_status":"open","template":"templates\/fullwidth.php","meta":[],"_links":{"self":[{"href":"https:\/\/rheinbrands.com\/wordpress\/wp-json\/wp\/v2\/pages\/668"}],"collection":[{"href":"https:\/\/rheinbrands.com\/wordpress\/wp-json\/wp\/v2\/pages"}],"about":[{"href":"https:\/\/rheinbrands.com\/wordpress\/wp-json\/wp\/v2\/types\/page"}],"author":[{"embeddable":true,"href":"https:\/\/rheinbrands.com\/wordpress\/wp-json\/wp\/v2\/users\/1"}],"replies":[{"embeddable":true,"href":"https:\/\/rheinbrands.com\/wordpress\/wp-json\/wp\/v2\/comments?post=668"}],"version-history":[{"count":3,"href":"https:\/\/rheinbrands.com\/wordpress\/wp-json\/wp\/v2\/pages\/668\/revisions"}],"predecessor-version":[{"id":1403,"href":"https:\/\/rheinbrands.com\/wordpress\/wp-json\/wp\/v2\/pages\/668\/revisions\/1403"}],"wp:attachment":[{"href":"https:\/\/rheinbrands.com\/wordpress\/wp-json\/wp\/v2\/media?parent=668"}],"curies":[{"name":"wp","href":"https:\/\/api.w.org\/{rel}","templated":true}]}}