{"id":402,"date":"2014-01-06T22:08:12","date_gmt":"2014-01-06T20:08:12","guid":{"rendered":"https:\/\/rheinbrands.com\/wordpress\/?page_id=402"},"modified":"2014-01-30T11:00:35","modified_gmt":"2014-01-30T09:00:35","slug":"marketing","status":"publish","type":"page","link":"https:\/\/rheinbrands.com\/wordpress\/marketing\/","title":{"rendered":"marketing"},"content":{"rendered":"<h2>Den Kunden verstehen<\/h2>\n<p>Es ist die bekannte Geschichte, was war zuerst, das Huhn oder das Ei? Ohne einen bestimmten Distributionsgrad, welcher die Erh\u00e4ltlichkeit sicherstellt, ist jede Investition in die Vermarktung eines Produkts sinnlos. Umgekehrt erreicht man ohne einen gewissen Bekanntheitsgrad auch keine nennenswerte Distribution. Ein Dilemma, welches man nur l\u00f6sen kann, indem man beides Hand in Hand gehen l\u00e4sst. Dies wiederum funktioniert jedoch nur, wenn man Handelspartner und Konsumenten versteht und \u00fcber deren Bed\u00fcrfnisse bescheid weiss.<\/p>\n<p>Nat\u00fcrlich hilft uns unsere Erfahrung, Situationen marktgerecht einsch\u00e4tzen zu k\u00f6nnen sowie Chancen und Risiken m\u00f6glichst fr\u00fch zu erkennen, jedoch gibt es f\u00fcr\u00a0<span style=\"line-height: 1.5em;\">die Auswahl und Umsetzung der richtigen Strategie und den daraus resultierenden Massnahmen kein allgemein g\u00fcltiges Patentrezept. Aus diesem Grund analysiert<\/span><span style=\"line-height: 1.5em;\">\u00a0RheinBrands f\u00fcr jede Marke die Ausgangslage immer wieder aufs Neue und entwickelt auf dieser Basis,\u00a0<\/span><span style=\"line-height: 1.5em;\">individuelle\u00a0<\/span><span style=\"line-height: 1.5em;\">Strategien, Konzepte und Massnahmen. Gerne tun wir das auch f\u00fcr Sie. Wir freuen uns auf Ihre <a title=\"kontakt\" href=\"https:\/\/rheinbrands.com\/wordpress\/kontakt\/\">Kontaktaufnahme<\/a>.<\/span><\/p>\n","protected":false},"excerpt":{"rendered":"<p>Den Kunden verstehen Es ist die bekannte Geschichte, was war zuerst, das Huhn oder das Ei? Ohne einen bestimmten Distributionsgrad, welcher die Erh\u00e4ltlichkeit sicherstellt, ist jede Investition in die Vermarktung eines Produkts sinnlos. Umgekehrt erreicht man ohne einen gewissen Bekanntheitsgrad&#8230;<\/p>\n","protected":false},"author":1,"featured_media":0,"parent":0,"menu_order":0,"comment_status":"closed","ping_status":"closed","template":"","meta":[],"_links":{"self":[{"href":"https:\/\/rheinbrands.com\/wordpress\/wp-json\/wp\/v2\/pages\/402"}],"collection":[{"href":"https:\/\/rheinbrands.com\/wordpress\/wp-json\/wp\/v2\/pages"}],"about":[{"href":"https:\/\/rheinbrands.com\/wordpress\/wp-json\/wp\/v2\/types\/page"}],"author":[{"embeddable":true,"href":"https:\/\/rheinbrands.com\/wordpress\/wp-json\/wp\/v2\/users\/1"}],"replies":[{"embeddable":true,"href":"https:\/\/rheinbrands.com\/wordpress\/wp-json\/wp\/v2\/comments?post=402"}],"version-history":[{"count":7,"href":"https:\/\/rheinbrands.com\/wordpress\/wp-json\/wp\/v2\/pages\/402\/revisions"}],"predecessor-version":[{"id":1300,"href":"https:\/\/rheinbrands.com\/wordpress\/wp-json\/wp\/v2\/pages\/402\/revisions\/1300"}],"wp:attachment":[{"href":"https:\/\/rheinbrands.com\/wordpress\/wp-json\/wp\/v2\/media?parent=402"}],"curies":[{"name":"wp","href":"https:\/\/api.w.org\/{rel}","templated":true}]}}