{"id":394,"date":"2014-01-06T22:06:54","date_gmt":"2014-01-06T20:06:54","guid":{"rendered":"https:\/\/rheinbrands.com\/wordpress\/?page_id=394"},"modified":"2014-01-25T18:37:09","modified_gmt":"2014-01-25T16:37:09","slug":"mitarbeiter","status":"publish","type":"page","link":"https:\/\/rheinbrands.com\/wordpress\/mitarbeiter\/","title":{"rendered":"mitarbeiter"},"content":{"rendered":"<h2><a href=\"https:\/\/rheinbrands.com\/wordpress\/wp-content\/uploads\/2014\/01\/mitarbeiter.jpg\"><img loading=\"lazy\" class=\" wp-image-1224 alignleft\" alt=\"mitarbeiter\" src=\"https:\/\/rheinbrands.com\/wordpress\/wp-content\/uploads\/2014\/01\/mitarbeiter.jpg\" width=\"150\" height=\"150\" srcset=\"https:\/\/rheinbrands.com\/wordpress\/wp-content\/uploads\/2014\/01\/mitarbeiter.jpg 234w, https:\/\/rheinbrands.com\/wordpress\/wp-content\/uploads\/2014\/01\/mitarbeiter-150x150.jpg 150w\" sizes=\"(max-width: 150px) 100vw, 150px\" \/><\/a>Es geht immer um Menschen<\/h2>\n<p style=\"text-align: justify;\">Konsumenten, Verk\u00e4ufer, Eink\u00e4ufer und alle unsere Mitarbeiter, welche sich t\u00e4glich in unterschiedlichen Funktionen f\u00fcr unsere Produkte einsetzen, haben eines gemeinsam &#8211; es sind alles Menschen.\u00a0<span style=\"line-height: 1.5em;\">Wir bei RheinBrands sind uns dieser Tatsache nicht nur bewusst, sondern legen ganz besonderen Wert auf zwischenmenschliche Beziehungen, sowohl extern als intern.<\/span><span style=\"line-height: 1.5em;\">\u00a0Schliesslich werden unsere Produkte nicht von Maschinen, sondern von Mitarbeitern hergestellt und vertrieben. Diese wissen aus langj\u00e4hriger Erfahrung wie man hochwertige Qualit\u00e4t zusammenstellt und welche Bed\u00fcrfnisse am Markt gefragt sind. Genau darin liegt auch Ihre Passion. Die Mitarbeiter und Gesellschafter unseres Unternehmens und verbundenen Netzwerks arbeiten seit vielen Jahren im Bereich der Kosmetik-, K\u00f6rperhygiene-, pharmazeutischen oder Erotikindustrie.\u00a0<\/span><\/p>\n","protected":false},"excerpt":{"rendered":"<p>Es geht immer um Menschen Konsumenten, Verk\u00e4ufer, Eink\u00e4ufer und alle unsere Mitarbeiter, welche sich t\u00e4glich in unterschiedlichen Funktionen f\u00fcr unsere Produkte einsetzen, haben eines gemeinsam &#8211; es sind alles Menschen.\u00a0Wir bei RheinBrands sind uns dieser Tatsache nicht nur bewusst, sondern&#8230;<\/p>\n","protected":false},"author":1,"featured_media":0,"parent":0,"menu_order":0,"comment_status":"closed","ping_status":"closed","template":"","meta":[],"_links":{"self":[{"href":"https:\/\/rheinbrands.com\/wordpress\/wp-json\/wp\/v2\/pages\/394"}],"collection":[{"href":"https:\/\/rheinbrands.com\/wordpress\/wp-json\/wp\/v2\/pages"}],"about":[{"href":"https:\/\/rheinbrands.com\/wordpress\/wp-json\/wp\/v2\/types\/page"}],"author":[{"embeddable":true,"href":"https:\/\/rheinbrands.com\/wordpress\/wp-json\/wp\/v2\/users\/1"}],"replies":[{"embeddable":true,"href":"https:\/\/rheinbrands.com\/wordpress\/wp-json\/wp\/v2\/comments?post=394"}],"version-history":[{"count":11,"href":"https:\/\/rheinbrands.com\/wordpress\/wp-json\/wp\/v2\/pages\/394\/revisions"}],"predecessor-version":[{"id":1228,"href":"https:\/\/rheinbrands.com\/wordpress\/wp-json\/wp\/v2\/pages\/394\/revisions\/1228"}],"wp:attachment":[{"href":"https:\/\/rheinbrands.com\/wordpress\/wp-json\/wp\/v2\/media?parent=394"}],"curies":[{"name":"wp","href":"https:\/\/api.w.org\/{rel}","templated":true}]}}