{"id":1304,"date":"2014-01-30T11:05:30","date_gmt":"2014-01-30T09:05:30","guid":{"rendered":"https:\/\/rheinbrands.com\/wordpress\/?page_id=1304"},"modified":"2014-01-30T12:34:43","modified_gmt":"2014-01-30T10:34:43","slug":"werbemittel","status":"publish","type":"page","link":"https:\/\/rheinbrands.com\/wordpress\/werbemittel\/","title":{"rendered":"werbemittel"},"content":{"rendered":"<h2>Werbung mit Aussage<\/h2>\n<p>Gute Werbung ist, wenn sich der Adressat daran erinnert. Eine besonders nachhaltige M\u00f6glichkeit dies zu erreichen und dar\u00fcber hinaus Konsumenten noch einen zus\u00e4tzlichen Nutzen zu bieten, sind Werbeartikel, welche durch deren Inhalt und die damit verbundene Aussage die gew\u00fcnschte Botschaft kreativ unterstreichen. Man spricht in diesem Zusammenhang auch gerne von &#8220;haptischer Werbung&#8221;, weil der Konsument dabei nicht nur eine Information sieht, sondern diese auch f\u00fchlen und anwenden kann. Nicht zwingend muss der Werbeartikel auf den ersten Blick direkt etwas mit dem eigenen Angebot, das man bewerben will, zu tun haben. Oft pr\u00e4gt sich die Botschaft viel besser beim Empf\u00e4nger ein, wenn er den Zusammenhang erst beim zweiten Gedanken erkennt. Ein prominentes Beispiel daf\u00fcr sind z.B. Versicherungen, welche \u00fcber individualisierte Kondome Jugendliche erreichen und Ihre Kompetenz in Sachen Sicherheit und Schutz zum Ausdruck bringen.<\/p>\n<p>Werbeartikel haben den sch\u00f6nen Effekt der doppelten Werbewirkung, n\u00e4mlich zuerst zum Zeitpunkt der pers\u00f6nlichen \u00dcbergabe und anschliessend, wenn der Konsument das Produkt dann effektiv verwendet. Wird die Massnahme kreativ umgesetzt profitiert man zus\u00e4tzlich noch von einem nicht zu untersch\u00e4tzenden Multiplikatoreffekt, wenn der Empf\u00e4nger es seinen Freunden und Bekannten zeigt. Zudem wird keine Werbung besser verinnerlicht, als wenn diese mit positiven Gef\u00fchlen aufgenommen wird und dies ist durch den Charakters eines Geschenks auf jeden Fall garantiert.<\/p>\n<p>Grunds\u00e4tzlich bieten wir alle unsere Produktkategorien auch als individualisierte Werbeartikel an. In zwei Bereichen, arbeiten wir mit Partnern zusammen, um die Kundenw\u00fcnsche bestm\u00f6glich zu erf\u00fcllen.<\/p>\n<p>&nbsp;<\/p>\n<h2>Fair gehandelte Werbemittel<\/h2>\n<p><a href=\"https:\/\/rheinbrands.com\/wordpress\/wp-content\/uploads\/2014\/01\/fair-trade-promotion.jpg\"><img loading=\"lazy\" class=\" wp-image-1314 alignleft\" alt=\"fair trade promotion\" src=\"https:\/\/rheinbrands.com\/wordpress\/wp-content\/uploads\/2014\/01\/fair-trade-promotion-e1391077695104.jpg\" width=\"150\" height=\"219.6\" \/><\/a>Fair Trade Promotions (<a href=\"http:\/\/www.fairtradepromotions.com\">www.fairtradepromotions.com<\/a>)<\/p>\n<p>&nbsp;<\/p>\n<h2><\/h2>\n<h2><\/h2>\n<h2><\/h2>\n<h2><\/h2>\n<h2><span style=\"font-size: 1.5em; line-height: 1.5em;\"><hr class=\"symple-divider solid \" style=\"margin-top: 20px;margin-bottom: 20px;\" \/><\/span><\/h2>\n<h2>Werbemittel rund um Liebe &amp; Lust<\/h2>\n<p><a href=\"https:\/\/rheinbrands.com\/wordpress\/wp-content\/uploads\/2014\/01\/liebeswerk.jpg\"><img loading=\"lazy\" class=\" wp-image-1315 alignleft\" alt=\"liebeswerk\" src=\"https:\/\/rheinbrands.com\/wordpress\/wp-content\/uploads\/2014\/01\/liebeswerk.jpg\" width=\"150\" height=\"150\" \/><\/a>Liebeswerk (<a href=\"http:\/\/www.liebeswerk.ch\">www.liebeswerk.ch<\/a>)<\/p>\n","protected":false},"excerpt":{"rendered":"<p>Werbung mit Aussage Gute Werbung ist, wenn sich der Adressat daran erinnert. Eine besonders nachhaltige M\u00f6glichkeit dies zu erreichen und dar\u00fcber hinaus Konsumenten noch einen zus\u00e4tzlichen Nutzen zu bieten, sind Werbeartikel, welche durch deren Inhalt und die damit verbundene Aussage&#8230;<\/p>\n","protected":false},"author":1,"featured_media":0,"parent":0,"menu_order":0,"comment_status":"closed","ping_status":"closed","template":"","meta":[],"_links":{"self":[{"href":"https:\/\/rheinbrands.com\/wordpress\/wp-json\/wp\/v2\/pages\/1304"}],"collection":[{"href":"https:\/\/rheinbrands.com\/wordpress\/wp-json\/wp\/v2\/pages"}],"about":[{"href":"https:\/\/rheinbrands.com\/wordpress\/wp-json\/wp\/v2\/types\/page"}],"author":[{"embeddable":true,"href":"https:\/\/rheinbrands.com\/wordpress\/wp-json\/wp\/v2\/users\/1"}],"replies":[{"embeddable":true,"href":"https:\/\/rheinbrands.com\/wordpress\/wp-json\/wp\/v2\/comments?post=1304"}],"version-history":[{"count":8,"href":"https:\/\/rheinbrands.com\/wordpress\/wp-json\/wp\/v2\/pages\/1304\/revisions"}],"predecessor-version":[{"id":1319,"href":"https:\/\/rheinbrands.com\/wordpress\/wp-json\/wp\/v2\/pages\/1304\/revisions\/1319"}],"wp:attachment":[{"href":"https:\/\/rheinbrands.com\/wordpress\/wp-json\/wp\/v2\/media?parent=1304"}],"curies":[{"name":"wp","href":"https:\/\/api.w.org\/{rel}","templated":true}]}}