{"id":1099,"date":"2014-01-21T18:11:17","date_gmt":"2014-01-21T16:11:17","guid":{"rendered":"https:\/\/rheinbrands.com\/wordpress\/?page_id=1099"},"modified":"2023-01-06T21:21:19","modified_gmt":"2023-01-06T19:21:19","slug":"marken","status":"publish","type":"page","link":"https:\/\/rheinbrands.com\/wordpress\/marken\/","title":{"rendered":"marken"},"content":{"rendered":"<p><a style=\"line-height: 1.5em;\" title=\"fair squared\" href=\"https:\/\/rheinbrands.com\/wordpress\/wp-content\/uploads\/2014\/01\/FSQ-Logo-SW.jpg\"><img loading=\"lazy\" class=\"alignleft wp-image-1974\" src=\"https:\/\/rheinbrands.com\/wordpress\/wp-content\/uploads\/2014\/01\/FSQ-Logo-SW.jpg\" alt=\"\" width=\"179\" height=\"214\" srcset=\"https:\/\/rheinbrands.com\/wordpress\/wp-content\/uploads\/2014\/01\/FSQ-Logo-SW.jpg 591w, https:\/\/rheinbrands.com\/wordpress\/wp-content\/uploads\/2014\/01\/FSQ-Logo-SW-251x300.jpg 251w\" sizes=\"(max-width: 179px) 100vw, 179px\" \/><\/a><\/p>\n<p><span style=\"font-size: medium; color: #1daaba;\">fair squared<\/span><\/p>\n<p>Die Idee von Fair Squared entstand aus idealistischen \u00dcberzeugungen, getragen von der Fair-Trade-Bewegung und einer Leidenschaft f\u00fcr soziale Gerechtigkeit.\u00a0Unser Ziel ist es, zeitgen\u00f6ssische ethische Produkte, die Spa\u00df machen, n\u00fctzlich sind und Aufsehen erregen, in den Handel zu bringen. Davon profitieren unsere Erzeuger, unsere Hersteller und unsere Umwelt. Dabei setzten wir auf Fair-Trade-Rohstoffe, bevorzugt aus kontrolliert biologischer Erzeugung&#8230;. <a title=\"fair squared\" href=\"https:\/\/rheinbrands.com\/wordpress\/portfolio\/fair-squared\/\">mehr &gt;&gt;<\/a><\/p>\n<hr class=\"symple-divider solid \" style=\"margin-top: 20px;margin-bottom: 20px;\" \/>\n<p><a title=\"vabelle\" href=\"https:\/\/rheinbrands.com\/wordpress\/portfolio\/vabelle\/\"><img loading=\"lazy\" class=\" wp-image-756 alignleft\" src=\"https:\/\/rheinbrands.com\/wordpress\/wp-content\/uploads\/2014\/01\/vabelle-logo.png\" alt=\"vabelle logo\" width=\"180.5\" height=\"141\" srcset=\"https:\/\/rheinbrands.com\/wordpress\/wp-content\/uploads\/2014\/01\/vabelle-logo.png 361w, https:\/\/rheinbrands.com\/wordpress\/wp-content\/uploads\/2014\/01\/vabelle-logo-300x234.png 300w\" sizes=\"(max-width: 361px) 100vw, 361px\" \/><\/a><\/p>\n<p><span style=\"color: #1daaba; font-size: medium; line-height: 1.5em;\">vabelle<\/span><\/p>\n<p>VABELLE steht f\u00fcr Wohlbefinden, Gesundheit, Selbstbewusstsein, Attraktivit\u00e4t, Verf\u00fchrung und Leidenschaft! VABELLE hat sich den Zustand des \u201eINTIMATE WELLBEING\u201c als oberstes Ziel gesetzt. Unter der Marke VABELLE wird ein Sortiment gef\u00fchrt, welches s\u00e4mtlichen Facetten unseres Intimbereichs und den damit verbundenen Auswirkungen unseres Wohlbefindens Rechnung tr\u00e4gt. VABELLE Produkte sind auf die verschiedenen Bed\u00fcrfnisse im Intimbereich&#8230;\u00a0<a title=\"vabelle\" href=\"https:\/\/rheinbrands.com\/wordpress\/portfolio\/vabelle\/\">mehr &gt;&gt;<\/a><\/p>\n<hr class=\"symple-divider fadeout \" style=\"margin-top: 20px;margin-bottom: 20px;\" \/>\n<p><a style=\"line-height: 1.5em;\" title=\"my size\" href=\"https:\/\/rheinbrands.com\/wordpress\/portfolio\/my-size\/my-size-logo\/\"><img loading=\"lazy\" class=\"alignnone wp-image-2289 size-full\" src=\"https:\/\/rheinbrands.com\/wordpress\/wp-content\/uploads\/2014\/01\/MY-SIZE-Logo.png\" alt=\"\" width=\"245\" height=\"245\" srcset=\"https:\/\/rheinbrands.com\/wordpress\/wp-content\/uploads\/2014\/01\/MY-SIZE-Logo.png 245w, https:\/\/rheinbrands.com\/wordpress\/wp-content\/uploads\/2014\/01\/MY-SIZE-Logo-150x150.png 150w\" sizes=\"(max-width: 245px) 100vw, 245px\" \/><\/a><\/p>\n<p><span style=\"color: #1daaba; font-size: medium; line-height: 1.5em;\">MY.SIZE PRO<\/span><\/p>\n<p>Individualit\u00e4t ist mehr gefragt denn je. Diesem Trend folgt auch MY.SIZE PRO mit dem Konzept einer Kondomlinie, welche mit ihrem Sortiment auf die Tatsache unterschiedlicher Penisgr\u00f6ssen eingeht. MY.SIZE PRO gibt es in 9 verschiedenen Gr\u00f6ssen von 45mm bis 72mm, so das jeder Mann genau seine richtige Gr\u00f6sse findet. Denn schliesslich kauft man sich ja Schuhe auch nicht zu gross oder zu klein! Ein genau passendes Kondom bringt diverse Vorteile mit sich: Es ist einfacher&#8230; <a title=\"my size\" href=\"https:\/\/rheinbrands.com\/wordpress\/portfolio\/my-size\/\">mehr &gt;&gt;<\/a><\/p>\n<hr class=\"symple-divider solid \" style=\"margin-top: 20px;margin-bottom: 20px;\" \/>\n<p><a style=\"line-height: 1.5em;\" title=\"manix\" href=\"https:\/\/rheinbrands.com\/wordpress\/portfolio\/manix\/\"><img loading=\"lazy\" class=\" wp-image-755 alignleft\" src=\"https:\/\/rheinbrands.com\/wordpress\/wp-content\/uploads\/2014\/01\/manix-logo.png\" alt=\"manix logo\" width=\"180.5\" height=\"141\" srcset=\"https:\/\/rheinbrands.com\/wordpress\/wp-content\/uploads\/2014\/01\/manix-logo.png 361w, https:\/\/rheinbrands.com\/wordpress\/wp-content\/uploads\/2014\/01\/manix-logo-300x235.png 300w\" sizes=\"(max-width: 361px) 100vw, 361px\" \/><\/a><\/p>\n<p><span style=\"color: #1daaba; font-size: medium; line-height: 1.5em;\">manix<\/span><\/p>\n<p>MANIX, hergestellt von der australischen Firma Ansell, ist weltweit die Nummer 2 im Kondommarkt. Ansell operiert global und ist f\u00fcr seine hochqualitativen Kondome bekannt. Ansell ist ebenfalls der Weltmarktf\u00fchrer in Untersuchungshandschuhen, welche von Chirurgen und anderen Health Care Professionals verwendet werden. Um Produkte f\u00fcr die Medizin herstellen zu k\u00f6nnen, ben\u00f6tigt es h\u00f6chste Sicherheitsstandards und beste Materialien. Ansell nutzt sein grosses&#8230; <a title=\"manix\" href=\"https:\/\/rheinbrands.com\/wordpress\/portfolio\/manix\/\">mehr &gt;&gt;<\/a><\/p>\n<hr class=\"symple-divider solid \" style=\"margin-top: 20px;margin-bottom: 20px;\" \/>\n","protected":false},"excerpt":{"rendered":"<p>fair squared Die Idee von Fair Squared entstand aus idealistischen \u00dcberzeugungen, getragen von der Fair-Trade-Bewegung und einer Leidenschaft f\u00fcr soziale Gerechtigkeit.\u00a0Unser Ziel ist es, zeitgen\u00f6ssische ethische Produkte, die Spa\u00df machen, n\u00fctzlich sind und Aufsehen erregen, in den Handel zu bringen&#8230;.<\/p>\n","protected":false},"author":1,"featured_media":0,"parent":0,"menu_order":0,"comment_status":"closed","ping_status":"closed","template":"","meta":[],"_links":{"self":[{"href":"https:\/\/rheinbrands.com\/wordpress\/wp-json\/wp\/v2\/pages\/1099"}],"collection":[{"href":"https:\/\/rheinbrands.com\/wordpress\/wp-json\/wp\/v2\/pages"}],"about":[{"href":"https:\/\/rheinbrands.com\/wordpress\/wp-json\/wp\/v2\/types\/page"}],"author":[{"embeddable":true,"href":"https:\/\/rheinbrands.com\/wordpress\/wp-json\/wp\/v2\/users\/1"}],"replies":[{"embeddable":true,"href":"https:\/\/rheinbrands.com\/wordpress\/wp-json\/wp\/v2\/comments?post=1099"}],"version-history":[{"count":49,"href":"https:\/\/rheinbrands.com\/wordpress\/wp-json\/wp\/v2\/pages\/1099\/revisions"}],"predecessor-version":[{"id":2293,"href":"https:\/\/rheinbrands.com\/wordpress\/wp-json\/wp\/v2\/pages\/1099\/revisions\/2293"}],"wp:attachment":[{"href":"https:\/\/rheinbrands.com\/wordpress\/wp-json\/wp\/v2\/media?parent=1099"}],"curies":[{"name":"wp","href":"https:\/\/api.w.org\/{rel}","templated":true}]}}